{"id":18,"date":"2024-10-23T21:33:34","date_gmt":"2024-10-23T21:33:34","guid":{"rendered":"https:\/\/tfwsiop.wales\/index.php\/terms-and-conditions\/"},"modified":"2025-01-28T11:06:52","modified_gmt":"2025-01-28T11:06:52","slug":"terms-and-conditions","status":"publish","type":"page","link":"http:\/\/shop.tfw.wales\/cy\/terms-and-conditions\/","title":{"rendered":"Telerau ac Amodau"},"content":{"rendered":"<p>[et_pb_section fb_built=&#8221;1&#8243; _builder_version=&#8221;4.27.2&#8243; _module_preset=&#8221;default&#8221; global_colors_info=&#8221;{}&#8221;][et_pb_row _builder_version=&#8221;4.27.2&#8243; _module_preset=&#8221;default&#8221; global_colors_info=&#8221;{}&#8221;][et_pb_column type=&#8221;4_4&#8243; _builder_version=&#8221;4.27.2&#8243; _module_preset=&#8221;default&#8221; global_colors_info=&#8221;{}&#8221;][et_pb_post_title meta=&#8221;off&#8221; _builder_version=&#8221;4.27.2&#8243; _module_preset=&#8221;default&#8221; title_font=&#8221;Wales Regular|&#8211;et_global_heading_font_weight|||||||&#8221; global_colors_info=&#8221;{}&#8221;][\/et_pb_post_title][et_pb_divider _builder_version=&#8221;4.27.2&#8243; _module_preset=&#8221;default&#8221; global_colors_info=&#8221;{}&#8221;][\/et_pb_divider][\/et_pb_column][\/et_pb_row][et_pb_row _builder_version=&#8221;4.27.2&#8243; _module_preset=&#8221;default&#8221; global_colors_info=&#8221;{}&#8221;][et_pb_column type=&#8221;4_4&#8243; _builder_version=&#8221;4.27.2&#8243; _module_preset=&#8221;default&#8221; global_colors_info=&#8221;{}&#8221;][et_pb_text _builder_version=&#8221;4.27.2&#8243; _module_preset=&#8221;default&#8221; text_font=&#8221;Wales Regular|&#8211;et_global_body_font_weight|||||||&#8221; header_font=&#8221;Wales Regular|&#8211;et_global_heading_font_weight|||||||&#8221; global_colors_info=&#8221;{}&#8221;]<\/p>\n<p><strong>Telerau ac Amodau Siop Brand TfW<\/strong><\/p>\n<p>Cefnogir siop ar-lein Trafnidiaeth Cymru gan Ganolfan Argraffu Cymru.<\/p>\n<p>Bydd y Ganolfan Argraffu yn cefnogi derbyn archebion cwsmeriaid a chludo archebion yn uniongyrchol i'r cwsmer trwy ddefnyddio negesydd APC.<\/p>\n<p>Y cynhyrchion sydd ar gael i'w prynu yw cynhyrchion \u00e2 Brand TrC.<\/p>\n<p><strong>Dull Talu<\/strong><\/p>\n<p>Bydd pob taliad yn cael ei wneud trwy Stripe, rydym yn derbyn yr holl brif gardiau debyd a chredyd gan gwsmeriaid ym mhob gwlad.<\/p>\n<p><strong>Yn dychwelyd<\/strong><\/p>\n<p>Ein polisi dychwelyd i'w ddychwelyd o fewn 14 diwrnod a'i ddychwelyd yn uniongyrchol i'r Ganolfan Argraffu.<\/p>\n<p>Print Centre &#8211; Unit 15 &#8211; 17 Pacific Business Park, Pacific Road, Cardiff, CF24 5HJ.<\/p>\n<p>Bydd ad-daliadau yn cael eu prosesu o fewn 7 diwrnod gwaith.<\/p>\n<p><strong>Cyflwyno<\/strong><\/p>\n<p>Bydd yr holl archebion yn cael eu danfon gan APC - gallwch ddod o hyd i'w telerau ac amodau yma <a href=\"https:\/\/www.apc-direct.co.uk\/content\/about-terms\">https:\/\/www.apc-direct.co.uk\/content\/about-terms<\/a><\/p>\n<p><strong>Mae Telerau ac Amodau\u2019r Ganolfan Argraffu i\u2019w gweld isod ac mae Telerau ac Amodau llawn Trafnidiaeth Cymru i\u2019w gweld yma <\/strong><a href=\"https:\/\/tfw.wales\/terms-and-conditions\"><strong>https:\/\/tfw.wales\/terms-and-conditions<\/strong><\/a><\/p>\n<p>ADRAN 1 \u2013 TELERAU STORFA AR-LEIN<\/p>\n<p>Trwy gytuno i'r Telerau Gwasanaeth hyn, rydych yn cynrychioli eich bod o leiaf yr oedran mwyafrif yn eich gwladwriaeth neu dalaith breswyl, neu eich bod yn fwyafrif oed yn eich talaith neu dalaith breswyl a'ch bod wedi rhoi eich caniat\u00e2d i ni ganiat\u00e1u i unrhyw un o'ch m\u00e2n ddibynyddion ddefnyddio'r wefan hon.<br \/>Ni chewch ddefnyddio ein cynnyrch at unrhyw ddiben anghyfreithlon neu anawdurdodedig ac ni allwch, wrth ddefnyddio'r Gwasanaeth, dorri unrhyw gyfreithiau yn eich awdurdodaeth (gan gynnwys ond heb fod yn gyfyngedig i gyfreithiau hawlfraint).<br \/>Rhaid i chi beidio \u00e2 throsglwyddo unrhyw fwydod na firysau nac unrhyw god o natur ddinistriol.<br \/>Bydd torri neu dorri unrhyw un o'r Telerau yn arwain at derfynu eich Gwasanaethau ar unwaith.<\/p>\n<p>ADRAN 2 \u2013 AMODAU CYFFREDINOL<\/p>\n<p>Rydym yn cadw'r hawl i wrthod gwasanaeth i unrhyw un am unrhyw reswm ar unrhyw adeg.<br \/>Rydych chi'n deall y gall eich cynnwys (heb gynnwys gwybodaeth cerdyn credyd) gael ei drosglwyddo heb ei amgryptio a chynnwys (a) trosglwyddiadau dros rwydweithiau amrywiol; a (b) newidiadau i gydymffurfio ac addasu i ofynion technegol rhwydweithiau neu ddyfeisiau cysylltu. Mae gwybodaeth cerdyn credyd bob amser yn cael ei hamgryptio wrth drosglwyddo dros rwydweithiau.<br \/>Rydych yn cytuno i beidio ag atgynhyrchu, dyblygu, cop\u00efo, gwerthu, ailwerthu neu fanteisio ar unrhyw ran o'r Gwasanaeth, defnydd o'r Gwasanaeth, neu fynediad i'r Gwasanaeth neu unrhyw gyswllt ar y wefan y darperir y gwasanaeth drwyddi, heb ganiat\u00e2d ysgrifenedig penodol gennym ni.<br \/>Mae\u2019r penawdau a ddefnyddir yn y cytundeb hwn wedi\u2019u cynnwys er hwylustod yn unig ac ni fyddant yn cyfyngu nac yn effeithio fel arall ar y Telerau hyn.<\/p>\n<p>ADRAN 3 \u2013 CYWIR, CYFLAWNDER AC AMSERoldeb GWYBODAETH<\/p>\n<p>Nid ydym yn gyfrifol os nad yw'r wybodaeth sydd ar gael ar y wefan hon yn gywir, yn gyflawn neu'n gyfredol. Darperir y deunydd ar y wefan hon er gwybodaeth gyffredinol yn unig ac ni ddylid dibynnu arno na'i ddefnyddio fel yr unig sail ar gyfer gwneud penderfyniadau heb ymgynghori \u00e2 ffynonellau gwybodaeth cynradd, mwy cywir, mwy cyflawn neu fwy amserol. Mae unrhyw ddibyniaeth ar y deunydd ar y wefan hon ar eich menter eich hun.<br \/>Gall y wefan hon gynnwys gwybodaeth hanesyddol benodol. Nid yw gwybodaeth hanesyddol, o reidrwydd, yn gyfredol ac fe'i darperir ar gyfer eich cyfeirnod yn unig. Rydym yn cadw'r hawl i addasu cynnwys y wefan hon ar unrhyw adeg, ond nid oes unrhyw rwymedigaeth arnom i ddiweddaru unrhyw wybodaeth ar ein gwefan. Rydych yn cytuno mai eich cyfrifoldeb chi yw monitro newidiadau i'n gwefan.<\/p>\n<p>ADRAN 4 \u2013 ADDASIADAU I'R GWASANAETH A'R PRISIAU<\/p>\n<p>Gall prisiau ar gyfer ein cynnyrch newid heb rybudd.<br \/>Rydym yn cadw'r hawl ar unrhyw adeg i addasu neu derfynu'r Gwasanaeth (neu unrhyw ran neu gynnwys ohono) heb rybudd ar unrhyw adeg.<br \/>Ni fyddwn yn atebol i chi nac i unrhyw drydydd parti am unrhyw addasiad, newid pris, ataliad neu derfyniad o'r Gwasanaeth.<\/p>\n<p>ADRAN 5 \u2013 CYNHYRCHION NEU WASANAETHAU (os yn berthnasol)<\/p>\n<p>Gall rhai cynhyrchion neu wasanaethau fod ar gael ar-lein yn unig trwy'r wefan. Efallai y bydd gan y cynhyrchion neu'r gwasanaethau hyn symiau cyfyngedig ac maent yn destun dychwelyd neu gyfnewid yn unig yn unol \u00e2'n Polisi Dychwelyd.<br \/>Rydym wedi gwneud pob ymdrech i arddangos mor gywir \u00e2 phosibl liwiau a delweddau ein cynnyrch sy'n ymddangos yn y siop. Ni allwn warantu y bydd arddangosiad monitor eich cyfrifiadur o unrhyw liw yn gywir.<br \/>Rydym yn cadw'r hawl, ond nid oes rhwymedigaeth arnom, i gyfyngu ar werthiant ein cynnyrch neu ein Gwasanaethau i unrhyw berson, rhanbarth daearyddol neu awdurdodaeth. Gallwn arfer yr hawl hon fesul achos. Rydym yn cadw'r hawl i gyfyngu ar faint o unrhyw gynnyrch neu wasanaethau a gynigiwn. Gall pob disgrifiad o gynnyrch neu brisio cynnyrch newid ar unrhyw adeg heb rybudd, yn \u00f4l disgresiwn llwyr gennym ni. Rydym yn cadw'r hawl i roi'r gorau i unrhyw gynnyrch ar unrhyw adeg. Mae unrhyw gynnig am unrhyw gynnyrch neu wasanaeth a wneir ar y wefan hon yn ddi-rym lle gwaherddir.<br \/>Nid ydym yn gwarantu y bydd ansawdd unrhyw gynnyrch, gwasanaethau, gwybodaeth, neu ddeunydd arall a brynwyd neu a gafwyd gennych yn cwrdd \u00e2'ch disgwyliadau, nac y bydd unrhyw wallau yn y Gwasanaeth yn cael eu cywiro.<\/p>\n<p>ADRAN 6 \u2013 CYWIR Y GWYBODAETH FILIO A CHYFRIFON<\/p>\n<p>Rydym yn cadw'r hawl i wrthod unrhyw archeb a roddwch gyda ni. Gallwn, yn \u00f4l ein disgresiwn llwyr, gyfyngu neu ganslo meintiau a brynwyd fesul person, fesul cartref neu fesul archeb. Gall y cyfyngiadau hyn gynnwys archebion a roddir gan neu o dan yr un cyfrif cwsmer, yr un cerdyn credyd, a \/ neu orchmynion sy'n defnyddio'r un cyfeiriad bilio a \/ neu anfon. Os byddwn yn newid neu\u2019n canslo archeb, efallai y byddwn yn ceisio rhoi gwybod i chi drwy gysylltu \u00e2\u2019r e-bost a\/neu\u2019r cyfeiriad bilio\/rhif ff\u00f4n a ddarparwyd ar yr adeg y gwnaed yr archeb. Rydym yn cadw'r hawl i gyfyngu neu wahardd archebion sydd, yn ein barn ni yn unig, yn ymddangos fel pe baent yn cael eu gosod gan ddelwyr, ailwerthwyr neu ddosbarthwyr.<\/p>\n<p>Rydych yn cytuno i ddarparu gwybodaeth prynu a chyfrif cyfredol, cyflawn a chywir ar gyfer pob pryniant a wneir yn ein siop. Rydych yn cytuno i ddiweddaru eich cyfrif a gwybodaeth arall yn brydlon, gan gynnwys eich cyfeiriad e-bost a rhifau cerdyn credyd a dyddiadau dod i ben, fel y gallwn gwblhau eich trafodion a chysylltu \u00e2 chi yn \u00f4l yr angen.<\/p>\n<p>I gael rhagor o fanylion, adolygwch ein Polisi Dychwelyd.<\/p>\n<p>ADRAN 7 \u2013 OFFER DEWISOL<\/p>\n<p>Efallai y byddwn yn rhoi mynediad i chi i offer trydydd parti nad ydym yn eu monitro nac yn cael unrhyw reolaeth na mewnbwn arnynt.<br \/>Rydych yn cydnabod ac yn cytuno ein bod yn darparu mynediad i offer o\u2019r fath \u201cfel y mae\u201d ac \u201cfel sydd ar gael\u201d heb unrhyw warantau, sylwadau neu amodau o unrhyw fath a heb unrhyw gymeradwyaeth. Ni fydd gennym unrhyw atebolrwydd o gwbl sy'n deillio o neu'n ymwneud \u00e2'ch defnydd o offer trydydd parti dewisol.<br \/>Mae unrhyw ddefnydd gennych chi o offer dewisol a gynigir trwy'r wefan yn gyfan gwbl ar eich menter eich hun a'ch disgresiwn a dylech sicrhau eich bod yn gyfarwydd \u00e2'r telerau ar gyfer darparu offer gan y darparwr(wyr) trydydd parti perthnasol ac yn cymeradwyo'r telerau hynny.<br \/>Efallai y byddwn hefyd, yn y dyfodol, yn cynnig gwasanaethau a\/neu nodweddion newydd trwy'r wefan (gan gynnwys rhyddhau offer ac adnoddau newydd). Bydd nodweddion a\/neu wasanaethau newydd o'r fath hefyd yn ddarostyngedig i'r Telerau Gwasanaeth hyn.<\/p>\n<p>ADRAN 8 \u2013 CYSYLLTIADAU TRYDYDD PARTI<\/p>\n<p>Gall rhai cynnwys, cynhyrchion a gwasanaethau sydd ar gael trwy ein Gwasanaeth gynnwys deunyddiau gan drydydd part\u00efon.<br \/>Gall dolenni trydydd parti ar y wefan hon eich cyfeirio at wefannau trydydd parti nad ydynt yn gysylltiedig \u00e2 ni. Nid ydym yn gyfrifol am archwilio neu werthuso'r cynnwys na'r cywirdeb ac nid ydym yn gwarantu ac ni fydd gennym unrhyw atebolrwydd na chyfrifoldeb am unrhyw ddeunyddiau neu wefannau trydydd parti, nac am unrhyw ddeunyddiau, cynhyrchion neu wasanaethau eraill gan drydydd part\u00efon.<br \/>Nid ydym yn atebol am unrhyw niwed neu iawndal sy'n gysylltiedig \u00e2 phrynu neu ddefnyddio nwyddau, gwasanaethau, adnoddau, cynnwys, neu unrhyw drafodion eraill a wneir mewn cysylltiad ag unrhyw wefannau trydydd parti. Adolygwch bolis\u00efau ac arferion y trydydd parti yn ofalus a gwnewch yn si\u0175r eich bod yn eu deall cyn i chi gymryd rhan mewn unrhyw drafodiad. Dylid cyfeirio cwynion, honiadau, pryderon, neu gwestiynau am gynhyrchion trydydd parti at y trydydd parti.<\/p>\n<p>ADRAN 9 \u2013 SYLWADAU DEFNYDDWYR, ADBORTH A CHYFLWYNIADAU ERAILL<\/p>\n<p>Os byddwch, ar ein cais, yn anfon rhai cyflwyniadau penodol (er enghraifft cofnodion cystadleuaeth) neu heb gais gennym, rydych yn anfon syniadau creadigol, awgrymiadau, cynigion, cynlluniau, neu ddeunyddiau eraill, boed ar-lein, drwy e-bost, drwy\u2019r post, neu fel arall (gyda\u2019ch gilydd, \u2018sylwadau\u2019), rydych yn cytuno y gallwn, ar unrhyw adeg, heb gyfyngiad, olygu, cop\u00efo, cyhoeddi, dosbarthu, cyfieithu ac fel arall yn defnyddio mewn unrhyw gyfrwng unrhyw sylwadau y byddwch yn eu hanfon ymlaen atom. Nid ydym ac ni fyddwn o dan unrhyw rwymedigaeth (1) i gadw unrhyw sylwadau yn gyfrinachol; (2) i dalu iawndal am unrhyw sylwadau; neu (3) i ymateb i unrhyw sylwadau.<br \/>Efallai y byddwn, ond heb unrhyw rwymedigaeth i, fonitro, golygu neu ddileu cynnwys yr ydym yn penderfynu yn \u00f4l ein disgresiwn llwyr sy\u2019n anghyfreithlon, sarhaus, bygythiol, enllibus, difenwol, pornograffig, anweddus neu fel arall yn annymunol neu\u2019n torri eiddo deallusol unrhyw barti neu\u2019r Telerau Gwasanaeth hyn.<br \/>Rydych yn cytuno na fydd eich sylwadau yn torri unrhyw hawl gan drydydd parti, gan gynnwys hawlfraint, nod masnach, preifatrwydd, personoliaeth neu hawl bersonol neu berchnogol arall. Rydych yn cytuno ymhellach na fydd eich sylwadau yn cynnwys deunydd enllibus neu fel arall yn anghyfreithlon, sarhaus neu anweddus, nac yn cynnwys unrhyw firws cyfrifiadurol neu malware arall a allai effeithio mewn unrhyw ffordd ar weithrediad y Gwasanaeth neu unrhyw wefan gysylltiedig. Ni chewch ddefnyddio cyfeiriad e-bost ffug, esgus bod yn rhywun heblaw chi eich hun, neu fel arall ein camarwain ni neu drydydd parti ynghylch tarddiad unrhyw sylwadau. Chi yn unig sy'n gyfrifol am unrhyw sylwadau a wnewch a'u cywirdeb. Nid ydym yn cymryd unrhyw gyfrifoldeb ac nid ydym yn cymryd unrhyw gyfrifoldeb am unrhyw sylwadau a bostiwyd gennych chi neu unrhyw drydydd parti.<\/p>\n<p>ADRAN 10 \u2013 GWYBODAETH BERSONOL<\/p>\n<p>Mae eich cyflwyniad o wybodaeth bersonol drwy'r storfa yn cael ei lywodraethu gan ein Polisi Preifatrwydd. I weld ein Polisi Preifatrwydd.<\/p>\n<p>ADRAN 11 \u2013 GWALLAU, ANGHYLCHEDD A RHYFEDDAU<\/p>\n<p>O bryd i'w gilydd efallai y bydd gwybodaeth ar ein gwefan neu yn y Gwasanaeth sy'n cynnwys gwallau teipio, anghywirdebau neu hepgoriadau a all ymwneud \u00e2 disgrifiadau cynnyrch, prisio, hyrwyddiadau, cynigion, taliadau cludo cynnyrch, amseroedd cludo ac argaeledd. Rydym yn cadw'r hawl i gywiro unrhyw wallau, anghywirdebau neu hepgoriadau, ac i newid neu ddiweddaru gwybodaeth neu ganslo archebion os yw unrhyw wybodaeth yn y Gwasanaeth neu ar unrhyw wefan gysylltiedig yn anghywir ar unrhyw adeg heb rybudd ymlaen llaw (gan gynnwys ar \u00f4l i chi gyflwyno eich archeb).<br \/>Nid ydym yn ymgymryd ag unrhyw rwymedigaeth i ddiweddaru, diwygio neu egluro gwybodaeth yn y Gwasanaeth nac ar unrhyw wefan gysylltiedig, gan gynnwys heb gyfyngiad, gwybodaeth brisio, ac eithrio fel sy'n ofynnol yn \u00f4l y gyfraith. Ni ddylid cymryd bod unrhyw ddiweddariad neu ddyddiad adnewyddu penodedig yn y Gwasanaeth nac ar unrhyw wefan gysylltiedig yn nodi bod yr holl wybodaeth yn y Gwasanaeth neu ar unrhyw wefan gysylltiedig wedi'i haddasu neu ei diweddaru.<\/p>\n<p>ADRAN 12 \u2013 DEFNYDD GWAHARDDEDIG<\/p>\n<p>Yn ogystal \u00e2 gwaharddiadau eraill fel y nodir yn y Telerau Gwasanaeth, fe'ch gwaherddir rhag defnyddio'r wefan neu ei chynnwys: (a) at unrhyw ddiben anghyfreithlon; (b) cymell eraill i gyflawni neu gymryd rhan mewn unrhyw weithredoedd anghyfreithlon; (c) i dorri unrhyw reoliadau rhyngwladol, ffederal, taleithiol neu wladwriaeth, rheolau, cyfreithiau, neu ordinhadau lleol; (d) tresmasu ar ein hawliau eiddo deallusol neu hawliau eiddo deallusol eraill, neu eu torri; (e) aflonyddu, cam-drin, sarhau, niweidio, difenwi, athrod, dirmygu, bygwth, neu wahaniaethu ar sail rhyw, cyfeiriadedd rhywiol, crefydd, ethnigrwydd, hil, oedran, tarddiad cenedlaethol, neu anabledd; (dd) cyflwyno gwybodaeth anwir neu gamarweiniol; (g) uwchlwytho neu drosglwyddo firysau neu unrhyw fath arall o god maleisus a fydd neu y gellir ei ddefnyddio mewn unrhyw ffordd a fydd yn effeithio ar ymarferoldeb neu weithrediad y Gwasanaeth neu unrhyw wefan gysylltiedig, gwefannau eraill, neu'r Rhyngrwyd; (h) casglu neu olrhain gwybodaeth bersonol pobl eraill; (i) i sbam, gwe-rwydo, fferyllfa, esgus, corryn, cropian, neu grafu; ( j ) at unrhyw ddiben anweddus neu anfoesol; neu (k) ymyrryd \u00e2 neu osgoi nodweddion diogelwch y Gwasanaeth neu unrhyw wefan gysylltiedig, gwefannau eraill, neu'r Rhyngrwyd. Rydym yn cadw'r hawl i derfynu eich defnydd o'r Gwasanaeth neu unrhyw wefan gysylltiedig am dorri unrhyw un o'r defnyddiau gwaharddedig.<\/p>\n<p>ADRAN 13 \u2013 YMWADIAD O WARANTAU; CYFYNGIAD AR ATEBOLRWYDD<\/p>\n<p>Nid ydym yn gwarantu, yn cynrychioli nac yn gwarantu y bydd eich defnydd o'n gwasanaeth yn ddi-dor, yn amserol, yn ddiogel nac yn rhydd o wallau.<br \/>Nid ydym yn gwarantu y bydd y canlyniadau y gellir eu cael o ddefnyddio'r gwasanaeth yn gywir nac yn ddibynadwy.<br \/>Rydych yn cytuno y gallwn ddileu\u2019r gwasanaeth o bryd i\u2019w gilydd am gyfnodau amhenodol o amser neu ganslo\u2019r gwasanaeth ar unrhyw adeg, heb rybudd i chi.<br \/>Rydych yn cytuno\u2019n benodol mai eich risg chi yn unig yw eich defnydd o\u2019r gwasanaeth, neu\u2019ch anallu i\u2019w ddefnyddio. Darperir y gwasanaeth a\u2019r holl gynhyrchion a gwasanaethau a ddarperir i chi drwy\u2019r gwasanaeth (ac eithrio fel y nodir yn benodol gennym ni) \u2018fel y mae\u2019 ac \u2018fel y mae ar gael\u2019 at eich defnydd, heb unrhyw gynrychiolaeth, gwarantau neu amodau o unrhyw fath, naill ai\u2019n ddatganedig neu\u2019n oblygedig, gan gynnwys yr holl warantau ymhlyg neu amodau gwerthadwyedd, ansawdd gwerthadwy, addasrwydd at ddiben penodol, gwydnwch, teitl, a heb fod yn drosedd.<br \/>Ni fydd The Print Centre Ltd., ein cyfarwyddwyr, swyddogion, gweithwyr, cysylltiedigion, asiantau, contractwyr, interniaid, cyflenwyr, darparwyr gwasanaeth na thrwyddedwyr mewn unrhyw achos yn atebol am unrhyw anaf, colled, hawliad, neu unrhyw iawndal uniongyrchol, anuniongyrchol, damweiniol, cosbol, arbennig neu ganlyniadol o unrhyw fath, gan gynnwys, heb gyfyngiad elw a gollwyd, refeniw a gollwyd, cynilion coll, colledion data, costau amnewid, costau amnewid, costau amnewid, costau amnewid, costau amnewid, costau tebyg. esgeulustod), atebolrwydd caeth neu fel arall, sy'n deillio o'ch defnydd o unrhyw un o'r gwasanaeth neu unrhyw gynhyrchion a gaffaelwyd gan ddefnyddio'r gwasanaeth, neu am unrhyw hawliad arall sy'n ymwneud mewn unrhyw ffordd \u00e2'ch defnydd o'r gwasanaeth neu unrhyw gynnyrch, gan gynnwys, ond heb fod yn gyfyngedig i, unrhyw wallau neu hepgoriadau mewn unrhyw gynnwys, neu unrhyw golled neu ddifrod o unrhyw fath a achoswyd o ganlyniad i ddefnyddio'r gwasanaeth neu unrhyw gynnwys (neu gynnyrch) neu bosibilrwydd eu bod wedi'u postio, hyd yn oed yn cael eu trosglwyddo, wedi'u hysbysu am eu bod ar gael drwy'r gwasanaeth, ond wedi'u hysbysu am eu bod ar gael drwy'r gwasanaeth, ond heb fod yn gyfyngedig iddynt. Gan nad yw rhai taleithiau neu awdurdodaethau yn caniat\u00e1u eithrio neu gyfyngu ar atebolrwydd am iawndal canlyniadol neu achlysurol, mewn gwladwriaethau neu awdurdodaethau o'r fath, bydd ein hatebolrwydd yn gyfyngedig i'r graddau mwyaf a ganiateir gan y gyfraith.<\/p>\n<p>ADRAN 14 \u2013 INDEMNIAD<\/p>\n<p>Rydych yn cytuno i indemnio, amddiffyn a dal yn ddiniwed\u00a0The Print Centre Ltd. a\u2019n rhiant, is-gwmn\u00efau, cysylltiedigion, partneriaid, swyddogion, cyfarwyddwyr, asiantau, contractwyr, trwyddedwyr, darparwyr gwasanaeth, isgontractwyr, cyflenwyr, interniaid a gweithwyr, yn ddiniwed o unrhyw hawliad neu gais, gan gynnwys ffioedd twrneiod rhesymol, a wneir gan unrhyw drydydd parti oherwydd neu\u2019n deillio o\u2019ch tor-cyfraith neu\u2019r dogfennau hyn sy\u2019n torri amodau eich Gwasanaeth, neu\u2019n ymgorffori\u2019r dogfennau hyn a dorrwyd ganddynt. hawliau trydydd parti.<\/p>\n<p>ADRAN 15 \u2013 HILIOLDEB<\/p>\n<p>Os penderfynir bod unrhyw ddarpariaeth yn y Telerau Gwasanaeth hyn yn anghyfreithlon, yn ddi-rym neu'n anorfodadwy, bydd darpariaeth o'r fath serch hynny yn cael ei gorfodi i'r graddau eithaf a ganiateir gan gyfraith berthnasol, a bernir bod y rhan anorfodadwy wedi'i thorri o'r Telerau Gwasanaeth hyn, ni fydd penderfyniad o'r fath yn effeithio ar ddilysrwydd a gorfodadwyedd unrhyw ddarpariaethau eraill sy'n weddill.<\/p>\n<p>ADRAN 16 \u2013 TERFYNU<\/p>\n<p>Bydd rhwymedigaethau a rhwymedigaethau'r part\u00efon a dynnwyd cyn y dyddiad terfynu yn goroesi terfyniad y cytundeb hwn at bob diben.<br \/>Mae'r Telerau Gwasanaeth hyn yn effeithiol oni bai a hyd nes y c\u00e2nt eu terfynu gennych chi neu gennym ni. Gallwch derfynu\u2019r Telerau Gwasanaeth hyn ar unrhyw adeg drwy roi gwybod i ni nad ydych yn dymuno defnyddio ein Gwasanaethau mwyach, neu pan fyddwch yn rhoi\u2019r gorau i ddefnyddio ein gwefan.<br \/>Os yn ein barn ni yn unig y byddwch yn methu, neu os ydym yn amau \u200b\u200beich bod wedi methu, \u00e2 chydymffurfio ag unrhyw un o delerau neu ddarpariaethau\u2019r Telerau Gwasanaeth hyn, gallwn hefyd derfynu\u2019r cytundeb hwn ar unrhyw adeg heb rybudd a byddwch yn parhau\u2019n atebol am yr holl symiau sy\u2019n ddyledus hyd at a chan gynnwys y dyddiad terfynu; a\/neu yn unol \u00e2 hynny gall wrthod mynediad i chi at ein Gwasanaethau (neu unrhyw ran ohonynt).<\/p>\n<p>ADRAN 17 \u2013 CYTUNDEB HOLL<\/p>\n<p>Ni fydd ein methiant i arfer neu orfodi unrhyw hawl neu ddarpariaeth o'r Telerau Gwasanaeth hyn yn gyfystyr ag ildio hawl neu ddarpariaeth o'r fath.<br \/>Mae'r Telerau Gwasanaeth hyn ac unrhyw bolis\u00efau neu reolau gweithredu a bostiwyd gennym ni ar y wefan hon neu mewn perthynas \u00e2'r Gwasanaeth yn gyfystyr \u00e2'r cytundeb a'r ddealltwriaeth gyfan rhyngoch chi a ni ac yn llywodraethu eich defnydd o'r Gwasanaeth, gan ddisodli unrhyw gytundebau, cyfathrebiadau a chynigion blaenorol neu gyfoes, boed ar lafar neu'n ysgrifenedig, rhyngoch chi a ni (gan gynnwys, ond heb fod yn gyfyngedig i, unrhyw fersiynau blaenorol o'r Telerau Gwasanaeth).<br \/>Ni fydd unrhyw amwysedd yn y dehongliad o'r Telerau Gwasanaeth hyn yn cael eu dehongli yn erbyn y parti drafftio.<\/p>\n<p>ADRAN 18 \u2013 CYFRAITH LLYWODRAETHOL<\/p>\n<p>Bydd y Telerau Gwasanaeth hyn ac unrhyw gytundebau ar wah\u00e2n lle rydym yn darparu Gwasanaethau i chi yn cael eu llywodraethu a\u2019u dehongli yn unol \u00e2 chyfreithiau\u2019r Ganolfan Argraffu \u2013 Uned 15 \u2013 17 Parc Busnes Pacific, Pacific Road, Caerdydd, CF24 5HJ.<\/p>\n<p>ADRAN 19 \u2013 NEWIDIADAU I'R TELERAU GWASANAETH<\/p>\n<p>Gallwch adolygu'r fersiwn diweddaraf o'r Telerau Gwasanaeth ar unrhyw adeg ar y dudalen hon.<br \/>Rydym yn cadw'r hawl, yn \u00f4l ein disgresiwn llwyr, i ddiweddaru, newid neu ddisodli unrhyw ran o'r Telerau Gwasanaeth hyn trwy bostio diweddariadau a newidiadau i'n gwefan. Eich cyfrifoldeb chi yw edrych ar ein gwefan o bryd i'w gilydd am newidiadau. Mae eich defnydd parhaus o'n gwefan neu'r Gwasanaeth neu fynediad iddi yn dilyn postio unrhyw newidiadau i'r Telerau Gwasanaeth hyn yn gyfystyr \u00e2 derbyn y newidiadau hynny.<\/p>\n<p>ADRAN 20 \u2013 GWYBODAETH CYSWLLT<\/p>\n<p>Dylid anfon cwestiynau am y Telerau Gwasanaeth atom yn TfWSshop@tfw.wales<\/p>\n<p>&nbsp;<\/p>\n<p>&nbsp;<\/p>\n<p>&nbsp;<\/p>\n<p>&nbsp;<\/p>\n<p>&nbsp;<\/p>\n<p>&nbsp;<\/p>\n<p>&nbsp;<\/p>\n<p>[\/et_pb_text][\/et_pb_column][\/et_pb_row][\/et_pb_section]<\/p>","protected":false},"excerpt":{"rendered":"<p>TfW Brand Shop Terms &amp; Conditions Transport for Wales online shop is supported by Print Centre Wales. Print Centre will support receiving customer orders and shipping orders directly to the customer by using APC courier. The products available to purchase are TfW Branded products. Payment Method All payments will be made through Stripe, we accept [&hellip;]<\/p>","protected":false},"author":1,"featured_media":0,"parent":0,"menu_order":0,"comment_status":"closed","ping_status":"closed","template":"","meta":{"_et_pb_use_builder":"on","_et_pb_old_content":"","_et_gb_content_width":"","footnotes":""},"class_list":["post-18","page","type-page","status-publish","hentry"],"_links":{"self":[{"href":"http:\/\/shop.tfw.wales\/cy\/wp-json\/wp\/v2\/pages\/18","targetHints":{"allow":["GET"]}}],"collection":[{"href":"http:\/\/shop.tfw.wales\/cy\/wp-json\/wp\/v2\/pages"}],"about":[{"href":"http:\/\/shop.tfw.wales\/cy\/wp-json\/wp\/v2\/types\/page"}],"author":[{"embeddable":true,"href":"http:\/\/shop.tfw.wales\/cy\/wp-json\/wp\/v2\/users\/1"}],"replies":[{"embeddable":true,"href":"http:\/\/shop.tfw.wales\/cy\/wp-json\/wp\/v2\/comments?post=18"}],"version-history":[{"count":0,"href":"http:\/\/shop.tfw.wales\/cy\/wp-json\/wp\/v2\/pages\/18\/revisions"}],"wp:attachment":[{"href":"http:\/\/shop.tfw.wales\/cy\/wp-json\/wp\/v2\/media?parent=18"}],"curies":[{"name":"wp","href":"https:\/\/api.w.org\/{rel}","templated":true}]}}